{"id":9022,"date":"2026-02-17T14:03:33","date_gmt":"2026-02-17T19:03:33","guid":{"rendered":"https:\/\/www.flotalamacarena.com\/inicio\/?page_id=9022"},"modified":"2026-03-16T10:09:33","modified_gmt":"2026-03-16T15:09:33","slug":"estacion-de-servicio-brio-la-macarena-en-granada-meta","status":"publish","type":"page","link":"https:\/\/www.flotalamacarena.com\/inicio\/estacion-de-servicio-brio-la-macarena-en-granada-meta\/","title":{"rendered":"Estaci\u00f3n de Servicio Br\u00edo La Macarena en Granada, Meta"},"content":{"rendered":"","protected":false},"excerpt":{"rendered":"","protected":false},"author":3,"featured_media":9025,"parent":0,"menu_order":0,"comment_status":"closed","ping_status":"closed","template":"","meta":{"_acf_changed":false,"footnotes":""},"class_list":["post-9022","page","type-page","status-publish","has-post-thumbnail","hentry"],"acf":[],"yoast_head":"<!-- This site is optimized with the Yoast SEO plugin v27.3 - https:\/\/yoast.com\/product\/yoast-seo-wordpress\/ -->\n<title>Estaci\u00f3n de Servicio Br\u00edo La Macarena - Granada - Meta<\/title>\n<meta name=\"description\" content=\"Visita la Estaci\u00f3n Br\u00edo La Macarena en Granada, Meta (Cra. 15 #13-63). Tanqueo de Diesel Dynamax, alistamiento diario Res. 315 y mantenimiento con Coinsumos.\" \/>\n<meta name=\"robots\" content=\"index, follow, max-snippet:-1, max-image-preview:large, max-video-preview:-1\" \/>\n<link rel=\"canonical\" href=\"https:\/\/www.flotalamacarena.com\/inicio\/estacion-de-servicio-brio-la-macarena-en-granada-meta\/\" \/>\n<meta property=\"og:locale\" content=\"es_ES\" \/>\n<meta property=\"og:type\" content=\"article\" \/>\n<meta property=\"og:title\" content=\"Estaci\u00f3n de Servicio Br\u00edo La Macarena - Granada - Meta\" \/>\n<meta property=\"og:description\" content=\"Visita la Estaci\u00f3n Br\u00edo La Macarena en Granada, Meta (Cra. 15 #13-63). Tanqueo de Diesel Dynamax, alistamiento diario Res. 315 y mantenimiento con Coinsumos.\" \/>\n<meta property=\"og:url\" content=\"https:\/\/www.flotalamacarena.com\/inicio\/estacion-de-servicio-brio-la-macarena-en-granada-meta\/\" \/>\n<meta property=\"og:site_name\" content=\"Flota La Macarena S.A\" \/>\n<meta property=\"article:publisher\" content=\"https:\/\/www.facebook.com\/flota.lamacarenasa\/\" \/>\n<meta property=\"article:modified_time\" content=\"2026-03-16T15:09:33+00:00\" \/>\n<meta property=\"og:image\" content=\"https:\/\/www.flotalamacarena.com\/wp-content\/uploads\/2026\/02\/EDS-Granada.webp\" \/>\n\t<meta property=\"og:image:width\" content=\"800\" \/>\n\t<meta property=\"og:image:height\" content=\"544\" \/>\n\t<meta property=\"og:image:type\" content=\"image\/webp\" \/>\n<meta name=\"twitter:card\" content=\"summary_large_image\" \/>\n<meta name=\"twitter:site\" content=\"@FlotaLaMacarena\" \/>\n<meta name=\"twitter:label1\" content=\"Tiempo de lectura\" \/>\n\t<meta name=\"twitter:data1\" content=\"1 minuto\" \/>\n<script type=\"application\/ld+json\" class=\"yoast-schema-graph\">{\"@context\":\"https:\\\/\\\/schema.org\",\"@graph\":[{\"@type\":\"WebPage\",\"@id\":\"https:\\\/\\\/www.flotalamacarena.com\\\/inicio\\\/estacion-de-servicio-brio-la-macarena-en-granada-meta\\\/\",\"url\":\"https:\\\/\\\/www.flotalamacarena.com\\\/inicio\\\/estacion-de-servicio-brio-la-macarena-en-granada-meta\\\/\",\"name\":\"Estaci\u00f3n de Servicio Br\u00edo La Macarena - Granada - Meta\",\"isPartOf\":{\"@id\":\"https:\\\/\\\/www.flotalamacarena.com\\\/inicio\\\/#website\"},\"primaryImageOfPage\":{\"@id\":\"https:\\\/\\\/www.flotalamacarena.com\\\/inicio\\\/estacion-de-servicio-brio-la-macarena-en-granada-meta\\\/#primaryimage\"},\"image\":{\"@id\":\"https:\\\/\\\/www.flotalamacarena.com\\\/inicio\\\/estacion-de-servicio-brio-la-macarena-en-granada-meta\\\/#primaryimage\"},\"thumbnailUrl\":\"https:\\\/\\\/www.flotalamacarena.com\\\/wp-content\\\/uploads\\\/2026\\\/02\\\/EDS-Granada.webp\",\"datePublished\":\"2026-02-17T19:03:33+00:00\",\"dateModified\":\"2026-03-16T15:09:33+00:00\",\"description\":\"Visita la Estaci\u00f3n Br\u00edo La Macarena en Granada, Meta (Cra. 15 #13-63). Tanqueo de Diesel Dynamax, alistamiento diario Res. 315 y mantenimiento con Coinsumos.\",\"breadcrumb\":{\"@id\":\"https:\\\/\\\/www.flotalamacarena.com\\\/inicio\\\/estacion-de-servicio-brio-la-macarena-en-granada-meta\\\/#breadcrumb\"},\"inLanguage\":\"es-CO\",\"potentialAction\":[{\"@type\":\"ReadAction\",\"target\":[\"https:\\\/\\\/www.flotalamacarena.com\\\/inicio\\\/estacion-de-servicio-brio-la-macarena-en-granada-meta\\\/\"]}]},{\"@type\":\"ImageObject\",\"inLanguage\":\"es-CO\",\"@id\":\"https:\\\/\\\/www.flotalamacarena.com\\\/inicio\\\/estacion-de-servicio-brio-la-macarena-en-granada-meta\\\/#primaryimage\",\"url\":\"https:\\\/\\\/www.flotalamacarena.com\\\/wp-content\\\/uploads\\\/2026\\\/02\\\/EDS-Granada.webp\",\"contentUrl\":\"https:\\\/\\\/www.flotalamacarena.com\\\/wp-content\\\/uploads\\\/2026\\\/02\\\/EDS-Granada.webp\",\"width\":800,\"height\":544,\"caption\":\"Estaci\u00f3n Br\u00edo La Macarena en Granada Meta\"},{\"@type\":\"BreadcrumbList\",\"@id\":\"https:\\\/\\\/www.flotalamacarena.com\\\/inicio\\\/estacion-de-servicio-brio-la-macarena-en-granada-meta\\\/#breadcrumb\",\"itemListElement\":[{\"@type\":\"ListItem\",\"position\":1,\"name\":\"Inicio\",\"item\":\"https:\\\/\\\/www.flotalamacarena.com\\\/inicio\\\/\"},{\"@type\":\"ListItem\",\"position\":2,\"name\":\"Estaci\u00f3n de Servicio Br\u00edo La Macarena en Granada, Meta\"}]},{\"@type\":\"WebSite\",\"@id\":\"https:\\\/\\\/www.flotalamacarena.com\\\/inicio\\\/#website\",\"url\":\"https:\\\/\\\/www.flotalamacarena.com\\\/inicio\\\/\",\"name\":\"Flota La Macarena S.A\",\"description\":\"\",\"publisher\":{\"@id\":\"https:\\\/\\\/www.flotalamacarena.com\\\/inicio\\\/#organization\"},\"potentialAction\":[{\"@type\":\"SearchAction\",\"target\":{\"@type\":\"EntryPoint\",\"urlTemplate\":\"https:\\\/\\\/www.flotalamacarena.com\\\/inicio\\\/?s={search_term_string}\"},\"query-input\":{\"@type\":\"PropertyValueSpecification\",\"valueRequired\":true,\"valueName\":\"search_term_string\"}}],\"inLanguage\":\"es-CO\"},{\"@type\":\"Organization\",\"@id\":\"https:\\\/\\\/www.flotalamacarena.com\\\/inicio\\\/#organization\",\"name\":\"Flota La Macarena S.A\",\"url\":\"https:\\\/\\\/www.flotalamacarena.com\\\/inicio\\\/\",\"logo\":{\"@type\":\"ImageObject\",\"inLanguage\":\"es-CO\",\"@id\":\"https:\\\/\\\/www.flotalamacarena.com\\\/inicio\\\/#\\\/schema\\\/logo\\\/image\\\/\",\"url\":\"https:\\\/\\\/www.flotalamacarena.com\\\/wp-content\\\/uploads\\\/2024\\\/03\\\/LOGO_FLM.png\",\"contentUrl\":\"https:\\\/\\\/www.flotalamacarena.com\\\/wp-content\\\/uploads\\\/2024\\\/03\\\/LOGO_FLM.png\",\"width\":450,\"height\":167,\"caption\":\"Flota La Macarena S.A\"},\"image\":{\"@id\":\"https:\\\/\\\/www.flotalamacarena.com\\\/inicio\\\/#\\\/schema\\\/logo\\\/image\\\/\"},\"sameAs\":[\"https:\\\/\\\/www.facebook.com\\\/flota.lamacarenasa\\\/\",\"https:\\\/\\\/x.com\\\/FlotaLaMacarena\",\"https:\\\/\\\/www.youtube.com\\\/@flotalamacarena6335\",\"https:\\\/\\\/www.instagram.com\\\/flota_la_macarena\\\/\",\"https:\\\/\\\/www.linkedin.com\\\/company\\\/flota-la-macarena-s-a\\\/\"]}]}<\/script>\n<!-- \/ Yoast SEO plugin. -->","yoast_head_json":{"title":"Estaci\u00f3n de Servicio Br\u00edo La Macarena - Granada - Meta","description":"Visita la Estaci\u00f3n Br\u00edo La Macarena en Granada, Meta (Cra. 15 #13-63). Tanqueo de Diesel Dynamax, alistamiento diario Res. 315 y mantenimiento con Coinsumos.","robots":{"index":"index","follow":"follow","max-snippet":"max-snippet:-1","max-image-preview":"max-image-preview:large","max-video-preview":"max-video-preview:-1"},"canonical":"https:\/\/www.flotalamacarena.com\/inicio\/estacion-de-servicio-brio-la-macarena-en-granada-meta\/","og_locale":"es_ES","og_type":"article","og_title":"Estaci\u00f3n de Servicio Br\u00edo La Macarena - Granada - Meta","og_description":"Visita la Estaci\u00f3n Br\u00edo La Macarena en Granada, Meta (Cra. 15 #13-63). Tanqueo de Diesel Dynamax, alistamiento diario Res. 315 y mantenimiento con Coinsumos.","og_url":"https:\/\/www.flotalamacarena.com\/inicio\/estacion-de-servicio-brio-la-macarena-en-granada-meta\/","og_site_name":"Flota La Macarena S.A","article_publisher":"https:\/\/www.facebook.com\/flota.lamacarenasa\/","article_modified_time":"2026-03-16T15:09:33+00:00","og_image":[{"width":800,"height":544,"url":"https:\/\/www.flotalamacarena.com\/wp-content\/uploads\/2026\/02\/EDS-Granada.webp","type":"image\/webp"}],"twitter_card":"summary_large_image","twitter_site":"@FlotaLaMacarena","twitter_misc":{"Tiempo de lectura":"1 minuto"},"schema":{"@context":"https:\/\/schema.org","@graph":[{"@type":"WebPage","@id":"https:\/\/www.flotalamacarena.com\/inicio\/estacion-de-servicio-brio-la-macarena-en-granada-meta\/","url":"https:\/\/www.flotalamacarena.com\/inicio\/estacion-de-servicio-brio-la-macarena-en-granada-meta\/","name":"Estaci\u00f3n de Servicio Br\u00edo La Macarena - Granada - Meta","isPartOf":{"@id":"https:\/\/www.flotalamacarena.com\/inicio\/#website"},"primaryImageOfPage":{"@id":"https:\/\/www.flotalamacarena.com\/inicio\/estacion-de-servicio-brio-la-macarena-en-granada-meta\/#primaryimage"},"image":{"@id":"https:\/\/www.flotalamacarena.com\/inicio\/estacion-de-servicio-brio-la-macarena-en-granada-meta\/#primaryimage"},"thumbnailUrl":"https:\/\/www.flotalamacarena.com\/wp-content\/uploads\/2026\/02\/EDS-Granada.webp","datePublished":"2026-02-17T19:03:33+00:00","dateModified":"2026-03-16T15:09:33+00:00","description":"Visita la Estaci\u00f3n Br\u00edo La Macarena en Granada, Meta (Cra. 15 #13-63). Tanqueo de Diesel Dynamax, alistamiento diario Res. 315 y mantenimiento con Coinsumos.","breadcrumb":{"@id":"https:\/\/www.flotalamacarena.com\/inicio\/estacion-de-servicio-brio-la-macarena-en-granada-meta\/#breadcrumb"},"inLanguage":"es-CO","potentialAction":[{"@type":"ReadAction","target":["https:\/\/www.flotalamacarena.com\/inicio\/estacion-de-servicio-brio-la-macarena-en-granada-meta\/"]}]},{"@type":"ImageObject","inLanguage":"es-CO","@id":"https:\/\/www.flotalamacarena.com\/inicio\/estacion-de-servicio-brio-la-macarena-en-granada-meta\/#primaryimage","url":"https:\/\/www.flotalamacarena.com\/wp-content\/uploads\/2026\/02\/EDS-Granada.webp","contentUrl":"https:\/\/www.flotalamacarena.com\/wp-content\/uploads\/2026\/02\/EDS-Granada.webp","width":800,"height":544,"caption":"Estaci\u00f3n Br\u00edo La Macarena en Granada Meta"},{"@type":"BreadcrumbList","@id":"https:\/\/www.flotalamacarena.com\/inicio\/estacion-de-servicio-brio-la-macarena-en-granada-meta\/#breadcrumb","itemListElement":[{"@type":"ListItem","position":1,"name":"Inicio","item":"https:\/\/www.flotalamacarena.com\/inicio\/"},{"@type":"ListItem","position":2,"name":"Estaci\u00f3n de Servicio Br\u00edo La Macarena en Granada, Meta"}]},{"@type":"WebSite","@id":"https:\/\/www.flotalamacarena.com\/inicio\/#website","url":"https:\/\/www.flotalamacarena.com\/inicio\/","name":"Flota La Macarena S.A","description":"","publisher":{"@id":"https:\/\/www.flotalamacarena.com\/inicio\/#organization"},"potentialAction":[{"@type":"SearchAction","target":{"@type":"EntryPoint","urlTemplate":"https:\/\/www.flotalamacarena.com\/inicio\/?s={search_term_string}"},"query-input":{"@type":"PropertyValueSpecification","valueRequired":true,"valueName":"search_term_string"}}],"inLanguage":"es-CO"},{"@type":"Organization","@id":"https:\/\/www.flotalamacarena.com\/inicio\/#organization","name":"Flota La Macarena S.A","url":"https:\/\/www.flotalamacarena.com\/inicio\/","logo":{"@type":"ImageObject","inLanguage":"es-CO","@id":"https:\/\/www.flotalamacarena.com\/inicio\/#\/schema\/logo\/image\/","url":"https:\/\/www.flotalamacarena.com\/wp-content\/uploads\/2024\/03\/LOGO_FLM.png","contentUrl":"https:\/\/www.flotalamacarena.com\/wp-content\/uploads\/2024\/03\/LOGO_FLM.png","width":450,"height":167,"caption":"Flota La Macarena S.A"},"image":{"@id":"https:\/\/www.flotalamacarena.com\/inicio\/#\/schema\/logo\/image\/"},"sameAs":["https:\/\/www.facebook.com\/flota.lamacarenasa\/","https:\/\/x.com\/FlotaLaMacarena","https:\/\/www.youtube.com\/@flotalamacarena6335","https:\/\/www.instagram.com\/flota_la_macarena\/","https:\/\/www.linkedin.com\/company\/flota-la-macarena-s-a\/"]}]}},"_links":{"self":[{"href":"https:\/\/www.flotalamacarena.com\/inicio\/wp-json\/wp\/v2\/pages\/9022","targetHints":{"allow":["GET"]}}],"collection":[{"href":"https:\/\/www.flotalamacarena.com\/inicio\/wp-json\/wp\/v2\/pages"}],"about":[{"href":"https:\/\/www.flotalamacarena.com\/inicio\/wp-json\/wp\/v2\/types\/page"}],"author":[{"embeddable":true,"href":"https:\/\/www.flotalamacarena.com\/inicio\/wp-json\/wp\/v2\/users\/3"}],"replies":[{"embeddable":true,"href":"https:\/\/www.flotalamacarena.com\/inicio\/wp-json\/wp\/v2\/comments?post=9022"}],"version-history":[{"count":2,"href":"https:\/\/www.flotalamacarena.com\/inicio\/wp-json\/wp\/v2\/pages\/9022\/revisions"}],"predecessor-version":[{"id":9024,"href":"https:\/\/www.flotalamacarena.com\/inicio\/wp-json\/wp\/v2\/pages\/9022\/revisions\/9024"}],"wp:featuredmedia":[{"embeddable":true,"href":"https:\/\/www.flotalamacarena.com\/inicio\/wp-json\/wp\/v2\/media\/9025"}],"wp:attachment":[{"href":"https:\/\/www.flotalamacarena.com\/inicio\/wp-json\/wp\/v2\/media?parent=9022"}],"curies":[{"name":"wp","href":"https:\/\/api.w.org\/{rel}","templated":true}]}}